{"id":26,"date":"2019-11-15T02:17:30","date_gmt":"2019-11-15T02:17:30","guid":{"rendered":"https:\/\/cornmachines.com\/?page_id=26"},"modified":"2025-12-03T15:32:30","modified_gmt":"2025-12-03T07:32:30","slug":"corn-processing-machine","status":"publish","type":"page","link":"https:\/\/cornmachines.com\/pt\/","title":{"rendered":"M\u00e1quina de processamento de milho"},"content":{"rendered":"<h2 class=\"wp-block-heading has-text-align-center\"><strong>M\u00e1quinas Taizy Co., Ltd.<\/strong><\/h2>    <center><img decoding=\"async\" class=\"front-img\" src=\"https:\/\/cornmachines.com\/wp-content\/uploads\/2019\/11\/bg.png\" alt=\"\" title=\"\"><\/center>    <div class=\"mac\">    <div class=\"wp-block-columns is-layout-flex wp-container-core-columns-is-layout-9d6595d7 wp-block-columns-is-layout-flex\"> <div class=\"wp-block-column is-layout-flow wp-block-column-is-layout-flow\"> <p class=\"has-text-align-right\">A Taizy Machinery Company foi fundada em 2011, dedicada \u00e0 produ\u00e7\u00e3o e pesquisa de m\u00e1quinas agr\u00edcolas. Nos \u00faltimos 8 anos, a Taizy Machinery Company produziu mais de 10 tipos de m\u00e1quinas especificamente para processar milho.<\/p> <\/div>    <div class=\"wp-block-column is-layout-flow wp-block-column-is-layout-flow\"> <p>Focamos nas necessidades de agricultores de diferentes escalas para produzir m\u00e1quinas adequadas \u00e0s suas demandas. A miss\u00e3o da nossa empresa \u00e9 fazer com que as m\u00e1quinas chinesas estejam presentes em todo o mundo, e que o mundo veja os produtos de alta qualidade feitos na China.<\/p> <\/div> <\/div>    <\/div>    <div class=\"bg\">    <div class=\"wp-block-columns is-layout-flex wp-container-core-columns-is-layout-9d6595d7 wp-block-columns-is-layout-flex\"> <div class=\"wp-block-column is-layout-flow wp-block-column-is-layout-flow\"> <figure class=\"wp-block-gallery has-nested-images columns-default is-cropped wp-block-gallery-2 is-layout-flex wp-block-gallery-is-layout-flex\"> <figure class=\"wp-block-image size-large\"><img loading=\"lazy\" decoding=\"async\" width=\"720\" height=\"540\" data-id=\"321\" src=\"https:\/\/cornmachines.com\/wp-content\/uploads\/2019\/11\/our-factory.jpg\" alt=\"\" class=\"wp-image-321\" title=\"\" srcset=\"https:\/\/cornmachines.com\/wp-content\/uploads\/2019\/11\/our-factory.jpg 720w, https:\/\/cornmachines.com\/wp-content\/uploads\/2019\/11\/our-factory-300x225.jpg 300w\" sizes=\"auto, (max-width: 720px) 100vw, 720px\" \/><\/figure> <\/figure> <\/div>    <div class=\"wp-block-column is-layout-flow wp-block-column-is-layout-flow\"> <div class=\"con\">    <div class=\"mach\"><h2 class=\"has-text-align-center\">Nossa m\u00e1quina (f\u00e1brica)<\/h2><\/div>    <ul class=\"wp-block-list\"> <li>A nossa empresa dedica-se principalmente \u00e0 fabrica\u00e7\u00e3o de m\u00e1quinas de processamento de milho, como m\u00e1quinas de planta\u00e7\u00e3o de sementes de milho, m\u00e1quinas de colheita de milho, m\u00e1quinas de debulhar milho e m\u00e1quinas de moer milho. <\/li> <\/ul>    <ul class=\"wp-block-list\"> <li>Passamos muito tempo e energia a explorar as necessidades dos agricultores, e economizamos o m\u00e1ximo poss\u00edvel no trabalho dos agricultores.<\/li> <\/ul>    <ul class=\"wp-block-list\"> <li>Cada tipo de m\u00e1quina tem modelos diferentes com capacidades distintas, que podem atender \u00e0s diferentes necessidades dos clientes.<\/li> <\/ul>    <\/div> <\/div> <\/div>    <\/div>    <h2 class=\"wp-block-heading has-text-align-center\"><strong>Nosso produto<\/strong><\/h2>    <center><img decoding=\"async\" class=\"front-img\" src=\"https:\/\/cornmachines.com\/wp-content\/uploads\/2019\/11\/bg.png\" alt=\"\" title=\"\"><\/center>    <div class=\"pt-cv-wrapper\"><div class=\"pt-cv-view pt-cv-grid pt-cv-colsys\" id=\"pt-cv-view-2613b98jgv\"><div data-id=\"pt-cv-page-1\" class=\"pt-cv-page\" data-cvc=\"3\"><div class=\"col-md-4 col-sm-6 col-xs-12 pt-cv-content-item pt-cv-1-col\"  data-pid=\"2627\"><div class='pt-cv-ifield'><a href=\"https:\/\/cornmachines.com\/pt\/corn-grits-milling-machine\/\" class=\"_self pt-cv-href-thumbnail pt-cv-thumb-default cvplbd\" target=\"_self\" ><img loading=\"lazy\" decoding=\"async\" width=\"300\" height=\"225\" src=\"https:\/\/cornmachines.com\/wp-content\/uploads\/2022\/03\/corn-grits-milling-machine-300x225.jpg\" class=\"pt-cv-thumbnail img-none\" alt=\"fresadora de gr\u00e3os de milho\" srcset=\"https:\/\/cornmachines.com\/wp-content\/uploads\/2022\/03\/corn-grits-milling-machine-300x225.jpg 300w, https:\/\/cornmachines.com\/wp-content\/uploads\/2022\/03\/corn-grits-milling-machine.jpg 720w\" sizes=\"auto, (max-width: 300px) 100vw, 300px\" title=\"\"><\/a> <h4 class=\"pt-cv-title\"><a href=\"https:\/\/cornmachines.com\/pt\/corn-grits-milling-machine\/\" class=\"_self cvplbd\" target=\"_self\" >Fresadora de gr\u00e3os de milho<\/a><\/h4><\/div><\/div> <div class=\"col-md-4 col-sm-6 col-xs-12 pt-cv-content-item pt-cv-1-col\"  data-pid=\"2174\"><div class='pt-cv-ifield'><a href=\"https:\/\/cornmachines.com\/pt\/corn-grits-making-machine\/\" class=\"_self pt-cv-href-thumbnail pt-cv-thumb-default cvplbd\" target=\"_self\" ><img loading=\"lazy\" decoding=\"async\" width=\"300\" height=\"225\" src=\"https:\/\/cornmachines.com\/wp-content\/uploads\/2022\/01\/corn-grits-making-machine-1-300x225.jpg\" class=\"pt-cv-thumbnail img-none\" alt=\"m\u00e1quina de fazer gr\u00e3os de milho\" srcset=\"https:\/\/cornmachines.com\/wp-content\/uploads\/2022\/01\/corn-grits-making-machine-1-300x225.jpg 300w, https:\/\/cornmachines.com\/wp-content\/uploads\/2022\/01\/corn-grits-making-machine-1.jpg 720w\" sizes=\"auto, (max-width: 300px) 100vw, 300px\" title=\"\"><\/a> <h4 class=\"pt-cv-title\"><a href=\"https:\/\/cornmachines.com\/pt\/corn-grits-making-machine\/\" class=\"_self cvplbd\" target=\"_self\" >M\u00e1quina de fazer gr\u00e3os de milho | Fresadora de gr\u00e3os de milho<\/a><\/h4><\/div><\/div> <div class=\"col-md-4 col-sm-6 col-xs-12 pt-cv-content-item pt-cv-1-col\"  data-pid=\"2124\"><div class='pt-cv-ifield'><a href=\"https:\/\/cornmachines.com\/pt\/rice-wheat-and-corn-thresher\/\" class=\"_self pt-cv-href-thumbnail pt-cv-thumb-default cvplbd\" target=\"_self\" ><img loading=\"lazy\" decoding=\"async\" width=\"300\" height=\"225\" src=\"https:\/\/cornmachines.com\/wp-content\/uploads\/2022\/01\/rice-wheat-thresher-300x225.jpg\" class=\"pt-cv-thumbnail img-none\" alt=\"debulhador para arroz e trigo\" srcset=\"https:\/\/cornmachines.com\/wp-content\/uploads\/2022\/01\/rice-wheat-thresher-300x225.jpg 300w, https:\/\/cornmachines.com\/wp-content\/uploads\/2022\/01\/rice-wheat-thresher.jpg 720w\" sizes=\"auto, (max-width: 300px) 100vw, 300px\" title=\"\"><\/a> <h4 class=\"pt-cv-title\"><a href=\"https:\/\/cornmachines.com\/pt\/rice-wheat-and-corn-thresher\/\" class=\"_self cvplbd\" target=\"_self\" >Debulhador de Trigo Arroz | Debulhador de Milho<\/a><\/h4><\/div><\/div> <div class=\"col-md-4 col-sm-6 col-xs-12 pt-cv-content-item pt-cv-1-col\"  data-pid=\"2107\"><div class='pt-cv-ifield'><a href=\"https:\/\/cornmachines.com\/pt\/fish-feed-pellet-machine\/\" class=\"_self pt-cv-href-thumbnail pt-cv-thumb-default cvplbd\" target=\"_self\" ><img loading=\"lazy\" decoding=\"async\" width=\"300\" height=\"225\" src=\"https:\/\/cornmachines.com\/wp-content\/uploads\/2022\/01\/Floating-Fish-Feed-Pellet-Mill-300x225.jpg\" class=\"pt-cv-thumbnail img-none\" alt=\"m\u00e1quina da pelota da alimenta\u00e7\u00e3o dos peixes\" srcset=\"https:\/\/cornmachines.com\/wp-content\/uploads\/2022\/01\/Floating-Fish-Feed-Pellet-Mill-300x225.jpg 300w, https:\/\/cornmachines.com\/wp-content\/uploads\/2022\/01\/Floating-Fish-Feed-Pellet-Mill.jpg 720w\" sizes=\"auto, (max-width: 300px) 100vw, 300px\" title=\"\"><\/a> <h4 class=\"pt-cv-title\"><a href=\"https:\/\/cornmachines.com\/pt\/fish-feed-pellet-machine\/\" class=\"_self cvplbd\" target=\"_self\" >M\u00e1quina de pelotiza\u00e7\u00e3o de ra\u00e7\u00e3o para peixes | Moinho flutuante de pelotiza\u00e7\u00e3o de ra\u00e7\u00e3o para peixes<\/a><\/h4><\/div><\/div> <div class=\"col-md-4 col-sm-6 col-xs-12 pt-cv-content-item pt-cv-1-col\"  data-pid=\"2045\"><div class='pt-cv-ifield'><a href=\"https:\/\/cornmachines.com\/pt\/hand-push-corn-seeder\/\" class=\"_self pt-cv-href-thumbnail pt-cv-thumb-default cvplbd\" target=\"_self\" ><img loading=\"lazy\" decoding=\"async\" width=\"300\" height=\"225\" src=\"https:\/\/cornmachines.com\/wp-content\/uploads\/2022\/01\/hand-push-corn-seeder-machine-300x225.jpg\" class=\"pt-cv-thumbnail img-none\" alt=\"semeadora de milho manual\" srcset=\"https:\/\/cornmachines.com\/wp-content\/uploads\/2022\/01\/hand-push-corn-seeder-machine-300x225.jpg 300w, https:\/\/cornmachines.com\/wp-content\/uploads\/2022\/01\/hand-push-corn-seeder-machine.jpg 720w\" sizes=\"auto, (max-width: 300px) 100vw, 300px\" title=\"\"><\/a> <h4 class=\"pt-cv-title\"><a href=\"https:\/\/cornmachines.com\/pt\/hand-push-corn-seeder\/\" class=\"_self cvplbd\" target=\"_self\" >Semeadora de milho manual | Plantador multifuncional de soja e amendoim<\/a><\/h4><\/div><\/div> <div class=\"col-md-4 col-sm-6 col-xs-12 pt-cv-content-item pt-cv-1-col\"  data-pid=\"1741\"><div class='pt-cv-ifield'><a href=\"https:\/\/cornmachines.com\/pt\/4-row-corn-planter\/\" class=\"_self pt-cv-href-thumbnail pt-cv-thumb-default cvplbd\" target=\"_self\" ><img loading=\"lazy\" decoding=\"async\" width=\"300\" height=\"225\" src=\"https:\/\/cornmachines.com\/wp-content\/uploads\/2021\/11\/4-row-corn-seeder-planting-machine-300x225.jpg\" class=\"pt-cv-thumbnail img-none\" alt=\"M\u00e1quina semeadora de plantador de milho de 4 fileiras\" srcset=\"https:\/\/cornmachines.com\/wp-content\/uploads\/2021\/11\/4-row-corn-seeder-planting-machine-300x225.jpg 300w, https:\/\/cornmachines.com\/wp-content\/uploads\/2021\/11\/4-row-corn-seeder-planting-machine.jpg 720w\" sizes=\"auto, (max-width: 300px) 100vw, 300px\" title=\"\"><\/a> <h4 class=\"pt-cv-title\"><a href=\"https:\/\/cornmachines.com\/pt\/4-row-corn-planter\/\" class=\"_self cvplbd\" target=\"_self\" >Plantador de milho de 4 fileiras | Plantador de milho de 4 fileiras<\/a><\/h4><\/div><\/div><\/div><\/div><\/div>\t\t\t<style type=\"text\/css\" id=\"pt-cv-inline-style-3f98a36grv\">#pt-cv-view-2613b98jgv  .pt-cv-ifield   { background-color: #e6ecf5 !important; } #pt-cv-view-2613b98jgv .pt-cv-href-thumbnail  { margin-left: auto !important; margin-right: auto !important; display: block !important; text-align: center !important; clear: both !important; } #pt-cv-view-2613b98jgv .pt-cv-title a, #pt-cv-view-2613b98jgv  .panel-title { font-weight: 600 !important; display: block !important; text-align: center !important; clear: both !important; } #pt-cv-view-2613b98jgv .pt-cv-readmore  { color: #ffffff !important; background-color: #81d742 !important; } #pt-cv-view-2613b98jgv .pt-cv-readmore:hover  { color: #ffffff !important; background-color: #81d742 !important; }<\/style>  \t\t\t    <div class=\"service\">    <h2 class=\"wp-block-heading has-text-align-center\"><strong>Nosso servi\u00e7o<\/strong><\/h2>    <center><img decoding=\"async\" class=\"front-img\" src=\"https:\/\/cornmachines.com\/wp-content\/uploads\/2019\/11\/bg.png\" alt=\"\" title=\"\"><\/center>    <div class=\"wp-block-group\"><div class=\"wp-block-group__inner-container is-layout-flow wp-block-group-is-layout-flow\"> <div class=\"wp-block-columns is-layout-flex wp-container-core-columns-is-layout-9d6595d7 wp-block-columns-is-layout-flex\"> <div class=\"wp-block-column is-layout-flow wp-block-column-is-layout-flow\"><div class=\"wp-block-image\"> <figure class=\"aligncenter size-large is-resized\"><img loading=\"lazy\" decoding=\"async\" width=\"237\" height=\"243\" src=\"https:\/\/cornmachines.com\/wp-content\/uploads\/2019\/11\/icon1.png\" alt=\"\" class=\"wp-image-70\" style=\"width:49px;height:50px\" title=\"\"><\/figure> <\/div>   <p class=\"has-text-align-left\">A nossa empresa est\u00e1 no neg\u00f3cio de importa\u00e7\u00e3o e exporta\u00e7\u00e3o internacional h\u00e1 mais de 8 anos, e temos um sistema de vendas e servi\u00e7os muito completo. De acordo com as necessidades do cliente, entregaremos o item designado no local designado dentro do prazo estipulado.<\/p> <\/div>    <div class=\"wp-block-column is-vertically-aligned-center is-layout-flow wp-block-column-is-layout-flow\"><div class=\"wp-block-image\"> <figure class=\"aligncenter size-large is-resized\"><img loading=\"lazy\" decoding=\"async\" width=\"238\" height=\"243\" src=\"https:\/\/cornmachines.com\/wp-content\/uploads\/2019\/11\/icon2.png\" alt=\"\" class=\"wp-image-71\" style=\"width:51px;height:52px\" title=\"\"><\/figure> <\/div>   <p class=\"has-text-align-left\">Ap\u00f3s os clientes receberem o artigo, forneceremos um v\u00eddeo completo de instala\u00e7\u00e3o e funcionamento ao cliente, garantindo que os utilizadores tenham uma experi\u00eancia de uso maravilhosa.<\/p> <\/div>    <div class=\"wp-block-column is-layout-flow wp-block-column-is-layout-flow\"><div class=\"wp-block-image\"> <figure class=\"aligncenter size-large is-resized\"><img loading=\"lazy\" decoding=\"async\" width=\"254\" height=\"240\" src=\"https:\/\/cornmachines.com\/wp-content\/uploads\/2019\/11\/icon3-1.png\" alt=\"\" class=\"wp-image-74\" style=\"width:55px;height:52px\" title=\"\"><\/figure> <\/div>   <p>Para uso posterior, se o cliente tiver alguma d\u00favida sobre a m\u00e1quina, forneceremos assist\u00eancia atempada sem hesita\u00e7\u00e3o. Quer antes ou depois da venda, prometemos oferecer o servi\u00e7o mais entusiasta e profissional a cada cliente.<\/p> <\/div> <\/div> <\/div><\/div>    <\/div>    <div class=\"faq\">    <div class=\"wp-block-columns is-layout-flex wp-container-core-columns-is-layout-9d6595d7 wp-block-columns-is-layout-flex\"> <div class=\"wp-block-column is-layout-flow wp-block-column-is-layout-flow\"> <h2 class=\"wp-block-heading has-text-align-center\"><strong>Perguntas frequentes<\/strong><\/h2>    <ul class=\"wp-block-list\"> <li><strong>Modelo de entrega?<\/strong><\/li> <\/ul>    <p>&nbsp;&nbsp;LCL ou FCL por via mar\u00edtima ou a\u00e9rea, expresso internacional.<\/p>    <ul class=\"wp-block-list\"> <li><strong>Quanto tempo posso receber o item ap\u00f3s o pagamento?<\/strong><\/li> <\/ul>    <p>\u00a0\u00a0Normalmente entregamos o artigo em 3-5 dias; o tempo de entrega por mar ou por ar depender\u00e1 do seu porto de embarque.<\/p>    <ul class=\"wp-block-list\"> <li><strong>Que tipo de condi\u00e7\u00f5es de pagamento voc\u00ea fornece?<\/strong><\/li> <\/ul>    <p>\u00a0\u00a0Garantia Comercial, T\/T, Western Union, MoneyGram, L\/C, PayPal, Dinheiro, etc.<\/p>    <ul class=\"wp-block-list\"> <li><strong>Que tipo de embalagem voc\u00ea fornece?<\/strong><\/li> <\/ul>    <p>  Caixa de madeira sem fumiga\u00e7\u00e3o.<\/p> <\/div>    <div class=\"wp-block-column is-layout-flow wp-block-column-is-layout-flow\"> <figure class=\"wp-block-image size-large\"><img loading=\"lazy\" decoding=\"async\" width=\"600\" height=\"450\" src=\"https:\/\/cornmachines.com\/wp-content\/uploads\/2019\/11\/our-client.jpg\" alt=\"\" class=\"wp-image-573\" title=\"\" srcset=\"https:\/\/cornmachines.com\/wp-content\/uploads\/2019\/11\/our-client.jpg 600w, https:\/\/cornmachines.com\/wp-content\/uploads\/2019\/11\/our-client-300x225.jpg 300w\" sizes=\"auto, (max-width: 600px) 100vw, 600px\" \/><\/figure> <\/div> <\/div>    <\/div>","protected":false},"excerpt":{"rendered":"","protected":false},"author":1,"featured_media":0,"parent":0,"menu_order":0,"comment_status":"closed","ping_status":"closed","template":"","meta":{"footnotes":""},"class_list":["post-26","page","type-page","status-publish"],"_links":{"self":[{"href":"https:\/\/cornmachines.com\/pt\/wp-json\/wp\/v2\/pages\/26","targetHints":{"allow":["GET"]}}],"collection":[{"href":"https:\/\/cornmachines.com\/pt\/wp-json\/wp\/v2\/pages"}],"about":[{"href":"https:\/\/cornmachines.com\/pt\/wp-json\/wp\/v2\/types\/page"}],"author":[{"embeddable":true,"href":"https:\/\/cornmachines.com\/pt\/wp-json\/wp\/v2\/users\/1"}],"replies":[{"embeddable":true,"href":"https:\/\/cornmachines.com\/pt\/wp-json\/wp\/v2\/comments?post=26"}],"version-history":[{"count":0,"href":"https:\/\/cornmachines.com\/pt\/wp-json\/wp\/v2\/pages\/26\/revisions"}],"wp:attachment":[{"href":"https:\/\/cornmachines.com\/pt\/wp-json\/wp\/v2\/media?parent=26"}],"curies":[{"name":"wp","href":"https:\/\/api.w.org\/{rel}","templated":true}]}}