{"id":23,"date":"2019-11-15T02:16:13","date_gmt":"2019-11-15T02:16:13","guid":{"rendered":"https:\/\/cornmachines.com\/?page_id=23"},"modified":"2019-11-28T17:45:20","modified_gmt":"2019-11-28T09:45:20","slug":"about-us","status":"publish","type":"page","link":"https:\/\/cornmachines.com\/pt\/about-us\/","title":{"rendered":"Sobre n\u00f3s"},"content":{"rendered":"<img decoding=\"async\" class=\"img\" src=\"https:\/\/cornmachines.com\/wp-content\/uploads\/2019\/11\/bg.png\" alt=\"\" title=\"\">    <h3 class=\"has-text-align-center wp-block-heading\"><strong>M\u00e1quinas Taizy Co., Ltd.<\/strong><strong><\/strong><\/h3>    <div class=\"intro\">    <div class=\"wp-block-columns is-layout-flex wp-container-core-columns-is-layout-9d6595d7 wp-block-columns-is-layout-flex\"> <div class=\"wp-block-column is-layout-flow wp-block-column-is-layout-flow\"> <p> A empresa de m\u00e1quinas Taizy foi constru\u00edda em 2011, dedicada \u00e0 produ\u00e7\u00e3o e pesquisa na fabrica\u00e7\u00e3o de m\u00e1quinas agr\u00edcolas. Nos \u00faltimos 8 anos, a empresa de m\u00e1quinas Taizy produziu mais de 10 tipos de m\u00e1quinas especificamente para processar milho. N\u00f3s nos concentramos nas necessidades de agricultores de diferentes escalas, para produzir as m\u00e1quinas adequadas para atender \u00e0s suas demandas. A miss\u00e3o da nossa empresa \u00e9 fazer com que as m\u00e1quinas chinesas cubram todo o mundo e permitir que o mundo veja os produtos de alta qualidade fabricados na China. <\/p> <\/div>    <div class=\"wp-block-column is-layout-flow wp-block-column-is-layout-flow\"> <p> Nossa empresa estabeleceu pesquisa e desenvolvimento independentes, fabrica\u00e7\u00e3o, exporta\u00e7\u00e3o em um s\u00f3, tem uma equipe profissional de trabalhadores e balconista. Temos mais de 150 trabalhadores ao todo, cerca de 50 deles s\u00e3o vendedores profissionais de com\u00e9rcio exterior, com boas habilidades de comunica\u00e7\u00e3o em ingl\u00eas e habilidades de vendas, comprometidos em fornecer um melhor servi\u00e7o aos clientes.  <\/p> <\/div>    <div class=\"wp-block-column is-layout-flow wp-block-column-is-layout-flow\"> <p> Nos \u00faltimos oito anos, desenvolvemos e produzimos mais de 10 m\u00e1quinas para processamento de milho, existem m\u00e1quinas para todos os processos, desde o plantio at\u00e9 a colheita do milho, e para todos os processos subsequentes. N\u00f3s nos concentramos nas necessidades de diferentes agricultores, desde o uso dom\u00e9stico em pequena escala at\u00e9 linhas de produ\u00e7\u00e3o industrial em grande escala, fornecemos modelos adequados para cada agricultor para satisfazer suas demandas. <\/p> <\/div> <\/div>    <\/div>    <h3 class=\"has-text-align-center wp-block-heading\"><strong>Nosso produto<\/strong><\/h3>    <div class=\"wp-block-columns is-layout-flex wp-container-core-columns-is-layout-9d6595d7 wp-block-columns-is-layout-flex\"> <div class=\"wp-block-column is-layout-flow wp-block-column-is-layout-flow\"> <p> Nossa empresa est\u00e1 comprometida principalmente com a fabrica\u00e7\u00e3o de m\u00e1quinas de processamento de milho, como m\u00e1quina plantadora de sementes de milho, m\u00e1quina colhedora de milho, m\u00e1quina descascadora de milho e m\u00e1quina moedora de milho. Gastamos muito tempo e energia para explorar as demandas dos agricultores e poupar ao m\u00e1ximo a m\u00e3o de obra dos agricultores. Cada tipo de m\u00e1quina possui diferentes modelos com diferentes capacidades, que podem atender \u00e0s diferentes necessidades dos clientes. <\/p> <\/div>    <div class=\"wp-block-column is-layout-flow wp-block-column-is-layout-flow\"> <figure class=\"wp-block-image size-large\"><img loading=\"lazy\" decoding=\"async\" width=\"1024\" height=\"768\" src=\"https:\/\/cornmachines.com\/wp-content\/uploads\/2019\/11\/corn-sheller-machine-2-1024x768.jpg\" alt=\"\" class=\"wp-image-664\" title=\"\" srcset=\"https:\/\/cornmachines.com\/wp-content\/uploads\/2019\/11\/corn-sheller-machine-2-1024x768.jpg 1024w, https:\/\/cornmachines.com\/wp-content\/uploads\/2019\/11\/corn-sheller-machine-2-300x225.jpg 300w, https:\/\/cornmachines.com\/wp-content\/uploads\/2019\/11\/corn-sheller-machine-2-768x576.jpg 768w, https:\/\/cornmachines.com\/wp-content\/uploads\/2019\/11\/corn-sheller-machine-2-1536x1152.jpg 1536w, https:\/\/cornmachines.com\/wp-content\/uploads\/2019\/11\/corn-sheller-machine-2-2048x1536.jpg 2048w\" sizes=\"auto, (max-width: 1024px) 100vw, 1024px\" \/><\/figure> <\/div> <\/div>    <h3 class=\"has-text-align-center wp-block-heading\"><strong>Nosso servi\u00e7o<\/strong><\/h3>    <div class=\"mac\">    <div class=\"wp-block-columns is-layout-flex wp-container-core-columns-is-layout-9d6595d7 wp-block-columns-is-layout-flex\"> <div class=\"wp-block-column is-layout-flow wp-block-column-is-layout-flow\"> <p> Temos um conjunto muito completo de sistema de vendas e servi\u00e7os. De acordo com a demanda do cliente, entregaremos o item indicado no local indicado dentro do prazo especificado. <\/p> <\/div>    <div class=\"wp-block-column is-layout-flow wp-block-column-is-layout-flow\"> <p> Depois que os clientes receberem o item, forneceremos a instala\u00e7\u00e3o completa e o v\u00eddeo de trabalho ao cliente, garantindo que os usu\u00e1rios obtenham uma experi\u00eancia de usu\u00e1rio maravilhosa. <\/p> <\/div> <\/div>    <div class=\"wp-block-group\"><div class=\"wp-block-group__inner-container is-layout-flow wp-block-group-is-layout-flow\"> <div class=\"wp-block-columns is-layout-flex wp-container-core-columns-is-layout-9d6595d7 wp-block-columns-is-layout-flex\"> <div class=\"wp-block-column is-layout-flow wp-block-column-is-layout-flow\"> <p>Para uso posterior, se o cliente tiver alguma d\u00favida sobre a m\u00e1quina, forneceremos um assistente oportuno e sem hesita\u00e7\u00e3o. <\/p> <\/div>    <div class=\"wp-block-column is-layout-flow wp-block-column-is-layout-flow\"> <p>N\u00e3o importa antes ou depois da venda, prometemos fornecer o servi\u00e7o mais entusiasmado e profissional a cada cliente.<\/p> <\/div> <\/div> <\/div><\/div>    <\/div>","protected":false},"excerpt":{"rendered":"","protected":false},"author":1,"featured_media":0,"parent":0,"menu_order":0,"comment_status":"closed","ping_status":"closed","template":"","meta":{"footnotes":""},"class_list":["post-23","page","type-page","status-publish"],"_links":{"self":[{"href":"https:\/\/cornmachines.com\/pt\/wp-json\/wp\/v2\/pages\/23","targetHints":{"allow":["GET"]}}],"collection":[{"href":"https:\/\/cornmachines.com\/pt\/wp-json\/wp\/v2\/pages"}],"about":[{"href":"https:\/\/cornmachines.com\/pt\/wp-json\/wp\/v2\/types\/page"}],"author":[{"embeddable":true,"href":"https:\/\/cornmachines.com\/pt\/wp-json\/wp\/v2\/users\/1"}],"replies":[{"embeddable":true,"href":"https:\/\/cornmachines.com\/pt\/wp-json\/wp\/v2\/comments?post=23"}],"version-history":[{"count":0,"href":"https:\/\/cornmachines.com\/pt\/wp-json\/wp\/v2\/pages\/23\/revisions"}],"wp:attachment":[{"href":"https:\/\/cornmachines.com\/pt\/wp-json\/wp\/v2\/media?parent=23"}],"curies":[{"name":"wp","href":"https:\/\/api.w.org\/{rel}","templated":true}]}}