{"id":26,"date":"2019-11-15T02:17:30","date_gmt":"2019-11-15T02:17:30","guid":{"rendered":"https:\/\/cornmachines.com\/?page_id=26"},"modified":"2025-12-03T15:32:30","modified_gmt":"2025-12-03T07:32:30","slug":"corn-processing-machine","status":"publish","type":"page","link":"https:\/\/cornmachines.com\/fr\/","title":{"rendered":"Machine de traitement du ma\u00efs"},"content":{"rendered":"<h2 class=\"wp-block-heading has-text-align-center\"><strong>Machines Cie., Ltd de Taizy.<\/strong><\/h2>    <center><img decoding=\"async\" class=\"front-img\" src=\"https:\/\/cornmachines.com\/wp-content\/uploads\/2019\/11\/bg.png\" alt=\"\" title=\"\"><\/center>    <div class=\"mac\">    <div class=\"wp-block-columns is-layout-flex wp-container-core-columns-is-layout-9d6595d7 wp-block-columns-is-layout-flex\"> <div class=\"wp-block-column is-layout-flow wp-block-column-is-layout-flow\"> <p class=\"has-text-align-right\">Taizy Machinery Company a \u00e9t\u00e9 fond\u00e9e en 2011, d\u00e9di\u00e9e \u00e0 la production et \u00e0 la recherche dans la fabrication de machines agricoles. Au cours des 8 derni\u00e8res ann\u00e9es, Taizy Machinery Company a produit plus de 10 types de machines sp\u00e9cifiquement pour traiter le ma\u00efs.<\/p> <\/div>    <div class=\"wp-block-column is-layout-flow wp-block-column-is-layout-flow\"> <p>Nous nous concentrons sur les besoins des agriculteurs de diff\u00e9rentes tailles pour produire des machines adapt\u00e9es \u00e0 leurs demandes. La mission de notre entreprise est de faire en sorte que les machines chinoises couvrent le monde entier, et que le monde voie la haute qualit\u00e9 des produits fabriqu\u00e9s en Chine.<\/p> <\/div> <\/div>    <\/div>    <div class=\"bg\">    <div class=\"wp-block-columns is-layout-flex wp-container-core-columns-is-layout-9d6595d7 wp-block-columns-is-layout-flex\"> <div class=\"wp-block-column is-layout-flow wp-block-column-is-layout-flow\"> <figure class=\"wp-block-gallery has-nested-images columns-default is-cropped wp-block-gallery-2 is-layout-flex wp-block-gallery-is-layout-flex\"> <figure class=\"wp-block-image size-large\"><img loading=\"lazy\" decoding=\"async\" width=\"720\" height=\"540\" data-id=\"321\" src=\"https:\/\/cornmachines.com\/wp-content\/uploads\/2019\/11\/our-factory.jpg\" alt=\"\" class=\"wp-image-321\" title=\"\" srcset=\"https:\/\/cornmachines.com\/wp-content\/uploads\/2019\/11\/our-factory.jpg 720w, https:\/\/cornmachines.com\/wp-content\/uploads\/2019\/11\/our-factory-300x225.jpg 300w\" sizes=\"auto, (max-width: 720px) 100vw, 720px\" \/><\/figure> <\/figure> <\/div>    <div class=\"wp-block-column is-layout-flow wp-block-column-is-layout-flow\"> <div class=\"con\">    <div class=\"mach\"><h2 class=\"has-text-align-center\">Notre machine (usine)<\/h2><\/div>    <ul class=\"wp-block-list\"> <li>Notre entreprise se consacre principalement \u00e0 la fabrication de machines de traitement du ma\u00efs, telles que les machines \u00e0 planter le semis de ma\u00efs, les machines \u00e0 r\u00e9colter le ma\u00efs, les machines \u00e0 \u00e9caler le ma\u00efs et les moulins \u00e0 ma\u00efs. <\/li> <\/ul>    <ul class=\"wp-block-list\"> <li>Nous consacrons beaucoup de temps et d'\u00e9nergie \u00e0 explorer les besoins des agriculteurs, et \u00e0 r\u00e9duire au maximum la main-d'\u0153uvre n\u00e9cessaire pour leur travail.<\/li> <\/ul>    <ul class=\"wp-block-list\"> <li>Chaque type de machine a diff\u00e9rents mod\u00e8les avec diff\u00e9rentes capacit\u00e9s, pouvant r\u00e9pondre aux besoins vari\u00e9s des clients.<\/li> <\/ul>    <\/div> <\/div> <\/div>    <\/div>    <h2 class=\"wp-block-heading has-text-align-center\"><strong>Notre produit<\/strong><\/h2>    <center><img decoding=\"async\" class=\"front-img\" src=\"https:\/\/cornmachines.com\/wp-content\/uploads\/2019\/11\/bg.png\" alt=\"\" title=\"\"><\/center>    <div class=\"pt-cv-wrapper\"><div class=\"pt-cv-view pt-cv-grid pt-cv-colsys\" id=\"pt-cv-view-2613b98jgv\"><div data-id=\"pt-cv-page-1\" class=\"pt-cv-page\" data-cvc=\"3\"><div class=\"col-md-4 col-sm-6 col-xs-12 pt-cv-content-item pt-cv-1-col\"  data-pid=\"2627\"><div class='pt-cv-ifield'><a href=\"https:\/\/cornmachines.com\/fr\/corn-grits-milling-machine\/\" class=\"_self pt-cv-href-thumbnail pt-cv-thumb-default cvplbd\" target=\"_self\" ><img loading=\"lazy\" decoding=\"async\" width=\"300\" height=\"225\" src=\"https:\/\/cornmachines.com\/wp-content\/uploads\/2022\/03\/corn-grits-milling-machine-300x225.jpg\" class=\"pt-cv-thumbnail img-none\" alt=\"fraiseuse-\u00e0-gruau-de-ma\u00efs\" srcset=\"https:\/\/cornmachines.com\/wp-content\/uploads\/2022\/03\/corn-grits-milling-machine-300x225.jpg 300w, https:\/\/cornmachines.com\/wp-content\/uploads\/2022\/03\/corn-grits-milling-machine.jpg 720w\" sizes=\"auto, (max-width: 300px) 100vw, 300px\" title=\"\"><\/a> <h4 class=\"pt-cv-title\"><a href=\"https:\/\/cornmachines.com\/fr\/corn-grits-milling-machine\/\" class=\"_self cvplbd\" target=\"_self\" >Fraiseuse de gruau de ma\u00efs<\/a><\/h4><\/div><\/div> <div class=\"col-md-4 col-sm-6 col-xs-12 pt-cv-content-item pt-cv-1-col\"  data-pid=\"2174\"><div class='pt-cv-ifield'><a href=\"https:\/\/cornmachines.com\/fr\/corn-grits-making-machine\/\" class=\"_self pt-cv-href-thumbnail pt-cv-thumb-default cvplbd\" target=\"_self\" ><img loading=\"lazy\" decoding=\"async\" width=\"300\" height=\"225\" src=\"https:\/\/cornmachines.com\/wp-content\/uploads\/2022\/01\/corn-grits-making-machine-1-300x225.jpg\" class=\"pt-cv-thumbnail img-none\" alt=\"gruau de ma\u00efs faisant la machine\" srcset=\"https:\/\/cornmachines.com\/wp-content\/uploads\/2022\/01\/corn-grits-making-machine-1-300x225.jpg 300w, https:\/\/cornmachines.com\/wp-content\/uploads\/2022\/01\/corn-grits-making-machine-1.jpg 720w\" sizes=\"auto, (max-width: 300px) 100vw, 300px\" title=\"\"><\/a> <h4 class=\"pt-cv-title\"><a href=\"https:\/\/cornmachines.com\/fr\/corn-grits-making-machine\/\" class=\"_self cvplbd\" target=\"_self\" >Machine de fabrication de gruau de ma\u00efs | Fraiseuse de gruau de ma\u00efs<\/a><\/h4><\/div><\/div> <div class=\"col-md-4 col-sm-6 col-xs-12 pt-cv-content-item pt-cv-1-col\"  data-pid=\"2124\"><div class='pt-cv-ifield'><a href=\"https:\/\/cornmachines.com\/fr\/rice-wheat-and-corn-thresher\/\" class=\"_self pt-cv-href-thumbnail pt-cv-thumb-default cvplbd\" target=\"_self\" ><img loading=\"lazy\" decoding=\"async\" width=\"300\" height=\"225\" src=\"https:\/\/cornmachines.com\/wp-content\/uploads\/2022\/01\/rice-wheat-thresher-300x225.jpg\" class=\"pt-cv-thumbnail img-none\" alt=\"batteuse pour le riz et le bl\u00e9\" srcset=\"https:\/\/cornmachines.com\/wp-content\/uploads\/2022\/01\/rice-wheat-thresher-300x225.jpg 300w, https:\/\/cornmachines.com\/wp-content\/uploads\/2022\/01\/rice-wheat-thresher.jpg 720w\" sizes=\"auto, (max-width: 300px) 100vw, 300px\" title=\"\"><\/a> <h4 class=\"pt-cv-title\"><a href=\"https:\/\/cornmachines.com\/fr\/rice-wheat-and-corn-thresher\/\" class=\"_self cvplbd\" target=\"_self\" >Batteuse de bl\u00e9 et de riz | Batteuse de ma\u00efs<\/a><\/h4><\/div><\/div> <div class=\"col-md-4 col-sm-6 col-xs-12 pt-cv-content-item pt-cv-1-col\"  data-pid=\"2107\"><div class='pt-cv-ifield'><a href=\"https:\/\/cornmachines.com\/fr\/fish-feed-pellet-machine\/\" class=\"_self pt-cv-href-thumbnail pt-cv-thumb-default cvplbd\" target=\"_self\" ><img loading=\"lazy\" decoding=\"async\" width=\"300\" height=\"225\" src=\"https:\/\/cornmachines.com\/wp-content\/uploads\/2022\/01\/Floating-Fish-Feed-Pellet-Mill-300x225.jpg\" class=\"pt-cv-thumbnail img-none\" alt=\"machine \u00e0 granul\u00e9s d&#039;aliments pour poissons\" srcset=\"https:\/\/cornmachines.com\/wp-content\/uploads\/2022\/01\/Floating-Fish-Feed-Pellet-Mill-300x225.jpg 300w, https:\/\/cornmachines.com\/wp-content\/uploads\/2022\/01\/Floating-Fish-Feed-Pellet-Mill.jpg 720w\" sizes=\"auto, (max-width: 300px) 100vw, 300px\" title=\"\"><\/a> <h4 class=\"pt-cv-title\"><a href=\"https:\/\/cornmachines.com\/fr\/fish-feed-pellet-machine\/\" class=\"_self cvplbd\" target=\"_self\" >Machine \u00e0 granul\u00e9s d'aliments pour poissons | Moulin \u00e0 granul\u00e9s flottant pour aliments pour poissons<\/a><\/h4><\/div><\/div> <div class=\"col-md-4 col-sm-6 col-xs-12 pt-cv-content-item pt-cv-1-col\"  data-pid=\"2045\"><div class='pt-cv-ifield'><a href=\"https:\/\/cornmachines.com\/fr\/hand-push-corn-seeder\/\" class=\"_self pt-cv-href-thumbnail pt-cv-thumb-default cvplbd\" target=\"_self\" ><img loading=\"lazy\" decoding=\"async\" width=\"300\" height=\"225\" src=\"https:\/\/cornmachines.com\/wp-content\/uploads\/2022\/01\/hand-push-corn-seeder-machine-300x225.jpg\" class=\"pt-cv-thumbnail img-none\" alt=\"semoir de ma\u00efs \u00e0 pouss\u00e9e manuelle\" srcset=\"https:\/\/cornmachines.com\/wp-content\/uploads\/2022\/01\/hand-push-corn-seeder-machine-300x225.jpg 300w, https:\/\/cornmachines.com\/wp-content\/uploads\/2022\/01\/hand-push-corn-seeder-machine.jpg 720w\" sizes=\"auto, (max-width: 300px) 100vw, 300px\" title=\"\"><\/a> <h4 class=\"pt-cv-title\"><a href=\"https:\/\/cornmachines.com\/fr\/hand-push-corn-seeder\/\" class=\"_self cvplbd\" target=\"_self\" >Semoir de ma\u00efs \u00e0 pouss\u00e9e manuelle | Planteur multifonction de soja et d'arachide<\/a><\/h4><\/div><\/div> <div class=\"col-md-4 col-sm-6 col-xs-12 pt-cv-content-item pt-cv-1-col\"  data-pid=\"1741\"><div class='pt-cv-ifield'><a href=\"https:\/\/cornmachines.com\/fr\/4-row-corn-planter\/\" class=\"_self pt-cv-href-thumbnail pt-cv-thumb-default cvplbd\" target=\"_self\" ><img loading=\"lazy\" decoding=\"async\" width=\"300\" height=\"225\" src=\"https:\/\/cornmachines.com\/wp-content\/uploads\/2021\/11\/4-row-corn-seeder-planting-machine-300x225.jpg\" class=\"pt-cv-thumbnail img-none\" alt=\"Semoir de ma\u00efs \u00e0 4 rang\u00e9es\" srcset=\"https:\/\/cornmachines.com\/wp-content\/uploads\/2021\/11\/4-row-corn-seeder-planting-machine-300x225.jpg 300w, https:\/\/cornmachines.com\/wp-content\/uploads\/2021\/11\/4-row-corn-seeder-planting-machine.jpg 720w\" sizes=\"auto, (max-width: 300px) 100vw, 300px\" title=\"\"><\/a> <h4 class=\"pt-cv-title\"><a href=\"https:\/\/cornmachines.com\/fr\/4-row-corn-planter\/\" class=\"_self cvplbd\" target=\"_self\" >Planteur de ma\u00efs \u00e0 4 rang\u00e9es | Planteur de ma\u00efs \u00e0 4 rangs<\/a><\/h4><\/div><\/div><\/div><\/div><\/div>\t\t\t<style type=\"text\/css\" id=\"pt-cv-inline-style-6d391a4fro\">#pt-cv-view-2613b98jgv  .pt-cv-ifield   { background-color: #e6ecf5 !important; } #pt-cv-view-2613b98jgv .pt-cv-href-thumbnail  { margin-left: auto !important; margin-right: auto !important; display: block !important; text-align: center !important; clear: both !important; } #pt-cv-view-2613b98jgv .pt-cv-title a, #pt-cv-view-2613b98jgv  .panel-title { font-weight: 600 !important; display: block !important; text-align: center !important; clear: both !important; } #pt-cv-view-2613b98jgv .pt-cv-readmore  { color: #ffffff !important; background-color: #81d742 !important; } #pt-cv-view-2613b98jgv .pt-cv-readmore:hover  { color: #ffffff !important; background-color: #81d742 !important; }<\/style>  \t\t\t    <div class=\"service\">    <h2 class=\"wp-block-heading has-text-align-center\"><strong>Notre service<\/strong><\/h2>    <center><img decoding=\"async\" class=\"front-img\" src=\"https:\/\/cornmachines.com\/wp-content\/uploads\/2019\/11\/bg.png\" alt=\"\" title=\"\"><\/center>    <div class=\"wp-block-group\"><div class=\"wp-block-group__inner-container is-layout-flow wp-block-group-is-layout-flow\"> <div class=\"wp-block-columns is-layout-flex wp-container-core-columns-is-layout-9d6595d7 wp-block-columns-is-layout-flex\"> <div class=\"wp-block-column is-layout-flow wp-block-column-is-layout-flow\"><div class=\"wp-block-image\"> <figure class=\"aligncenter size-large is-resized\"><img loading=\"lazy\" decoding=\"async\" width=\"237\" height=\"243\" src=\"https:\/\/cornmachines.com\/wp-content\/uploads\/2019\/11\/icon1.png\" alt=\"\" class=\"wp-image-70\" style=\"width:49px;height:50px\" title=\"\"><\/figure> <\/div>   <p class=\"has-text-align-left\">Notre entreprise est dans le commerce international d'importation et d'exportation depuis plus de 8 ans, et nous disposons d'un syst\u00e8me de vente et de service tr\u00e8s complet. Selon les demandes du client, nous livrerons l'article d\u00e9sign\u00e9 \u00e0 l'endroit pr\u00e9vu dans le d\u00e9lai sp\u00e9cifi\u00e9.<\/p> <\/div>    <div class=\"wp-block-column is-vertically-aligned-center is-layout-flow wp-block-column-is-layout-flow\"><div class=\"wp-block-image\"> <figure class=\"aligncenter size-large is-resized\"><img loading=\"lazy\" decoding=\"async\" width=\"238\" height=\"243\" src=\"https:\/\/cornmachines.com\/wp-content\/uploads\/2019\/11\/icon2.png\" alt=\"\" class=\"wp-image-71\" style=\"width:51px;height:52px\" title=\"\"><\/figure> <\/div>   <p class=\"has-text-align-left\">Apr\u00e8s r\u00e9ception de l'article, nous fournirons une vid\u00e9o compl\u00e8te d'installation et de fonctionnement au client, en veillant \u00e0 ce que les utilisateurs aient une exp\u00e9rience d'utilisation exceptionnelle.<\/p> <\/div>    <div class=\"wp-block-column is-layout-flow wp-block-column-is-layout-flow\"><div class=\"wp-block-image\"> <figure class=\"aligncenter size-large is-resized\"><img loading=\"lazy\" decoding=\"async\" width=\"254\" height=\"240\" src=\"https:\/\/cornmachines.com\/wp-content\/uploads\/2019\/11\/icon3-1.png\" alt=\"\" class=\"wp-image-74\" style=\"width:55px;height:52px\" title=\"\"><\/figure> <\/div>   <p>Pour une utilisation ult\u00e9rieure, si le client a des questions concernant la machine, nous fournirons une assistance en temps utile sans h\u00e9sitation. Que ce soit avant ou apr\u00e8s la vente, nous promettons de fournir le service le plus enthousiaste et professionnel \u00e0 chaque client.<\/p> <\/div> <\/div> <\/div><\/div>    <\/div>    <div class=\"faq\">    <div class=\"wp-block-columns is-layout-flex wp-container-core-columns-is-layout-9d6595d7 wp-block-columns-is-layout-flex\"> <div class=\"wp-block-column is-layout-flow wp-block-column-is-layout-flow\"> <h2 class=\"wp-block-heading has-text-align-center\"><strong>FAQ<\/strong><\/h2>    <ul class=\"wp-block-list\"> <li><strong>Mod\u00e8le de livraison ?<\/strong><\/li> <\/ul>    <p>&nbsp;&nbsp;LCL ou FCL par mer, ou par air, international express.<\/p>    <ul class=\"wp-block-list\"> <li><strong>Combien de temps puis-je recevoir l'article apr\u00e8s le paiement ?<\/strong><\/li> <\/ul>    <p>\u00a0\u00a0Nous livrons g\u00e9n\u00e9ralement l'article dans un d\u00e9lai de 3 \u00e0 5 jours ; le d\u00e9lai de livraison par mer ou par air d\u00e9pendra de votre port d'exp\u00e9dition.<\/p>    <ul class=\"wp-block-list\"> <li><strong>Quels types de conditions de paiement proposez-vous\u00a0?<\/strong><\/li> <\/ul>    <p>\u00a0\u00a0Assurance commerciale, T\/T, Western Union, MoneyGram, L\/C, PayPal, Esp\u00e8ces, etc.<\/p>    <ul class=\"wp-block-list\"> <li><strong>Quel type d'emballage proposez-vous ?<\/strong><\/li> <\/ul>    <p>  Caisse en bois sans fumigation.<\/p> <\/div>    <div class=\"wp-block-column is-layout-flow wp-block-column-is-layout-flow\"> <figure class=\"wp-block-image size-large\"><img loading=\"lazy\" decoding=\"async\" width=\"600\" height=\"450\" src=\"https:\/\/cornmachines.com\/wp-content\/uploads\/2019\/11\/our-client.jpg\" alt=\"\" class=\"wp-image-573\" title=\"\" srcset=\"https:\/\/cornmachines.com\/wp-content\/uploads\/2019\/11\/our-client.jpg 600w, https:\/\/cornmachines.com\/wp-content\/uploads\/2019\/11\/our-client-300x225.jpg 300w\" sizes=\"auto, (max-width: 600px) 100vw, 600px\" \/><\/figure> <\/div> <\/div>    <\/div>","protected":false},"excerpt":{"rendered":"","protected":false},"author":1,"featured_media":0,"parent":0,"menu_order":0,"comment_status":"closed","ping_status":"closed","template":"","meta":{"footnotes":""},"class_list":["post-26","page","type-page","status-publish"],"_links":{"self":[{"href":"https:\/\/cornmachines.com\/fr\/wp-json\/wp\/v2\/pages\/26","targetHints":{"allow":["GET"]}}],"collection":[{"href":"https:\/\/cornmachines.com\/fr\/wp-json\/wp\/v2\/pages"}],"about":[{"href":"https:\/\/cornmachines.com\/fr\/wp-json\/wp\/v2\/types\/page"}],"author":[{"embeddable":true,"href":"https:\/\/cornmachines.com\/fr\/wp-json\/wp\/v2\/users\/1"}],"replies":[{"embeddable":true,"href":"https:\/\/cornmachines.com\/fr\/wp-json\/wp\/v2\/comments?post=26"}],"version-history":[{"count":0,"href":"https:\/\/cornmachines.com\/fr\/wp-json\/wp\/v2\/pages\/26\/revisions"}],"wp:attachment":[{"href":"https:\/\/cornmachines.com\/fr\/wp-json\/wp\/v2\/media?parent=26"}],"curies":[{"name":"wp","href":"https:\/\/api.w.org\/{rel}","templated":true}]}}