{"id":23,"date":"2019-11-15T02:16:13","date_gmt":"2019-11-15T02:16:13","guid":{"rendered":"https:\/\/cornmachines.com\/?page_id=23"},"modified":"2019-11-28T17:45:20","modified_gmt":"2019-11-28T09:45:20","slug":"about-us","status":"publish","type":"page","link":"https:\/\/cornmachines.com\/fr\/about-us\/","title":{"rendered":"\u00c0 propos de nous"},"content":{"rendered":"<img decoding=\"async\" class=\"img\" src=\"https:\/\/cornmachines.com\/wp-content\/uploads\/2019\/11\/bg.png\" alt=\"\" title=\"\">    <h3 class=\"has-text-align-center wp-block-heading\"><strong>Machines Cie., Ltd de Taizy.<\/strong><strong><\/strong><\/h3>    <div class=\"intro\">    <div class=\"wp-block-columns is-layout-flex wp-container-core-columns-is-layout-9d6595d7 wp-block-columns-is-layout-flex\"> <div class=\"wp-block-column is-layout-flow wp-block-column-is-layout-flow\"> <p> L'entreprise de machines Taizy a \u00e9t\u00e9 cr\u00e9\u00e9e en 2011 et se consacre \u00e0 la production et \u00e0 la recherche dans la fabrication de machines agricoles. Au cours des 8 derni\u00e8res ann\u00e9es, la soci\u00e9t\u00e9 de machines Taizy a produit plus de 10 types de machines sp\u00e9cifiquement pour la transformation du ma\u00efs. Nous nous concentrons sur les besoins des agriculteurs de diff\u00e9rentes tailles, pour produire les machines adapt\u00e9es pour r\u00e9pondre \u00e0 leurs demandes. La mission de notre entreprise est de faire en sorte que les machines chinoises soient pr\u00e9sentes dans le monde entier et de permettre au monde de voir les produits de haute qualit\u00e9 fabriqu\u00e9s en Chine. <\/p> <\/div>    <div class=\"wp-block-column is-layout-flow wp-block-column-is-layout-flow\"> <p> Notre soci\u00e9t\u00e9 a mis en place une recherche et un d\u00e9veloppement ind\u00e9pendants, une fabrication et une exportation en un seul, et dispose d'une \u00e9quipe professionnelle de travailleurs et de vendeurs. Nous avons plus de 150 travailleurs au total, dont environ 50 sont des vendeurs professionnels du commerce ext\u00e9rieur, poss\u00e9dant de bonnes comp\u00e9tences en communication en anglais et en vente, engag\u00e9s \u00e0 fournir un meilleur service aux clients.  <\/p> <\/div>    <div class=\"wp-block-column is-layout-flow wp-block-column-is-layout-flow\"> <p> Au cours des huit derni\u00e8res ann\u00e9es, nous avons d\u00e9velopp\u00e9 et produit plus de 10 machines pour la transformation du ma\u00efs. Il existe des machines pour chaque processus, de la plantation du ma\u00efs \u00e0 sa r\u00e9colte, ainsi que pour chaque processus ult\u00e9rieur. Nous nous concentrons sur les besoins des diff\u00e9rents agriculteurs, depuis l'utilisation domestique \u00e0 petite \u00e9chelle jusqu'aux lignes de production industrielle \u00e0 grande \u00e9chelle, nous fournissons des mod\u00e8les adapt\u00e9s \u00e0 chaque agriculteur afin de satisfaire ses demandes. <\/p> <\/div> <\/div>    <\/div>    <h3 class=\"has-text-align-center wp-block-heading\"><strong>Notre produit<\/strong><\/h3>    <div class=\"wp-block-columns is-layout-flex wp-container-core-columns-is-layout-9d6595d7 wp-block-columns-is-layout-flex\"> <div class=\"wp-block-column is-layout-flow wp-block-column-is-layout-flow\"> <p> Notre soci\u00e9t\u00e9 s'engage principalement \u00e0 fabriquer des machines de traitement du ma\u00efs, telles que des planteuses de graines de ma\u00efs, des r\u00e9colteuses de ma\u00efs, des d\u00e9cortiqueuses de ma\u00efs et des broyeurs de ma\u00efs. Nous consacrons beaucoup de temps et d'\u00e9nergie \u00e0 explorer les demandes des agriculteurs et \u00e0 \u00e9conomiser autant que possible la main-d'\u0153uvre des agriculteurs. Chaque type de machine dispose de diff\u00e9rents mod\u00e8les avec des capacit\u00e9s diff\u00e9rentes, qui peuvent r\u00e9pondre aux diff\u00e9rents besoins des clients. <\/p> <\/div>    <div class=\"wp-block-column is-layout-flow wp-block-column-is-layout-flow\"> <figure class=\"wp-block-image size-large\"><img loading=\"lazy\" decoding=\"async\" width=\"1024\" height=\"768\" src=\"https:\/\/cornmachines.com\/wp-content\/uploads\/2019\/11\/corn-sheller-machine-2-1024x768.jpg\" alt=\"\" class=\"wp-image-664\" title=\"\" srcset=\"https:\/\/cornmachines.com\/wp-content\/uploads\/2019\/11\/corn-sheller-machine-2-1024x768.jpg 1024w, https:\/\/cornmachines.com\/wp-content\/uploads\/2019\/11\/corn-sheller-machine-2-300x225.jpg 300w, https:\/\/cornmachines.com\/wp-content\/uploads\/2019\/11\/corn-sheller-machine-2-768x576.jpg 768w, https:\/\/cornmachines.com\/wp-content\/uploads\/2019\/11\/corn-sheller-machine-2-1536x1152.jpg 1536w, https:\/\/cornmachines.com\/wp-content\/uploads\/2019\/11\/corn-sheller-machine-2-2048x1536.jpg 2048w\" sizes=\"auto, (max-width: 1024px) 100vw, 1024px\" \/><\/figure> <\/div> <\/div>    <h3 class=\"has-text-align-center wp-block-heading\"><strong>Notre service<\/strong><\/h3>    <div class=\"mac\">    <div class=\"wp-block-columns is-layout-flex wp-container-core-columns-is-layout-9d6595d7 wp-block-columns-is-layout-flex\"> <div class=\"wp-block-column is-layout-flow wp-block-column-is-layout-flow\"> <p> Nous disposons d'un ensemble tr\u00e8s complet de syst\u00e8mes de vente et de service. Selon les demandes du client, nous livrerons l'article d\u00e9sign\u00e9 au lieu d\u00e9sign\u00e9 dans le d\u00e9lai sp\u00e9cifi\u00e9. <\/p> <\/div>    <div class=\"wp-block-column is-layout-flow wp-block-column-is-layout-flow\"> <p> Une fois que les clients ont re\u00e7u l'article, nous fournirons au client une installation compl\u00e8te et une vid\u00e9o de travail, en veillant \u00e0 ce que les utilisateurs b\u00e9n\u00e9ficient d'une exp\u00e9rience utilisateur merveilleuse. <\/p> <\/div> <\/div>    <div class=\"wp-block-group\"><div class=\"wp-block-group__inner-container is-layout-flow wp-block-group-is-layout-flow\"> <div class=\"wp-block-columns is-layout-flex wp-container-core-columns-is-layout-9d6595d7 wp-block-columns-is-layout-flex\"> <div class=\"wp-block-column is-layout-flow wp-block-column-is-layout-flow\"> <p>Pour une utilisation ult\u00e9rieure, si le client a des questions sur la machine, nous lui fournirons un assistant rapide et sans h\u00e9sitation. <\/p> <\/div>    <div class=\"wp-block-column is-layout-flow wp-block-column-is-layout-flow\"> <p>Peu importe avant ou apr\u00e8s-vente, nous promettons de fournir le service le plus enthousiaste et le plus professionnel \u00e0 chaque client.<\/p> <\/div> <\/div> <\/div><\/div>    <\/div>","protected":false},"excerpt":{"rendered":"","protected":false},"author":1,"featured_media":0,"parent":0,"menu_order":0,"comment_status":"closed","ping_status":"closed","template":"","meta":{"footnotes":""},"class_list":["post-23","page","type-page","status-publish"],"_links":{"self":[{"href":"https:\/\/cornmachines.com\/fr\/wp-json\/wp\/v2\/pages\/23","targetHints":{"allow":["GET"]}}],"collection":[{"href":"https:\/\/cornmachines.com\/fr\/wp-json\/wp\/v2\/pages"}],"about":[{"href":"https:\/\/cornmachines.com\/fr\/wp-json\/wp\/v2\/types\/page"}],"author":[{"embeddable":true,"href":"https:\/\/cornmachines.com\/fr\/wp-json\/wp\/v2\/users\/1"}],"replies":[{"embeddable":true,"href":"https:\/\/cornmachines.com\/fr\/wp-json\/wp\/v2\/comments?post=23"}],"version-history":[{"count":0,"href":"https:\/\/cornmachines.com\/fr\/wp-json\/wp\/v2\/pages\/23\/revisions"}],"wp:attachment":[{"href":"https:\/\/cornmachines.com\/fr\/wp-json\/wp\/v2\/media?parent=23"}],"curies":[{"name":"wp","href":"https:\/\/api.w.org\/{rel}","templated":true}]}}