{"id":26,"date":"2019-11-15T02:17:30","date_gmt":"2019-11-15T02:17:30","guid":{"rendered":"https:\/\/cornmachines.com\/?page_id=26"},"modified":"2025-12-03T15:32:30","modified_gmt":"2025-12-03T07:32:30","slug":"corn-processing-machine","status":"publish","type":"page","link":"https:\/\/cornmachines.com\/es\/","title":{"rendered":"maquina procesadora de maiz"},"content":{"rendered":"<h2 class=\"wp-block-heading has-text-align-center\"><strong>Taizy Maquinaria Co., Ltd.<\/strong><\/h2>    <center><img decoding=\"async\" class=\"front-img\" src=\"https:\/\/cornmachines.com\/wp-content\/uploads\/2019\/11\/bg.png\" alt=\"\" title=\"\"><\/center>    <div class=\"mac\">    <div class=\"wp-block-columns is-layout-flex wp-container-core-columns-is-layout-9d6595d7 wp-block-columns-is-layout-flex\"> <div class=\"wp-block-column is-layout-flow wp-block-column-is-layout-flow\"> <p class=\"has-text-align-right\">Taizy Machinery Company fue fundada en 2011, dedicada a la producci\u00f3n e investigaci\u00f3n de maquinaria agr\u00edcola. Durante los \u00faltimos 8 a\u00f1os, Taizy Machinery Company ha producido m\u00e1s de 10 tipos de m\u00e1quinas espec\u00edficamente para procesar ma\u00edz.<\/p> <\/div>    <div class=\"wp-block-column is-layout-flow wp-block-column-is-layout-flow\"> <p>Nos centramos en las necesidades de agricultores de diferentes escalas para producir las m\u00e1quinas adecuadas que satisfagan sus demandas. La misi\u00f3n de nuestra empresa es hacer que las m\u00e1quinas chinas cubran todo el mundo y que el mundo vea los productos de alta calidad fabricados en China.<\/p> <\/div> <\/div>    <\/div>    <div class=\"bg\">    <div class=\"wp-block-columns is-layout-flex wp-container-core-columns-is-layout-9d6595d7 wp-block-columns-is-layout-flex\"> <div class=\"wp-block-column is-layout-flow wp-block-column-is-layout-flow\"> <figure class=\"wp-block-gallery has-nested-images columns-default is-cropped wp-block-gallery-2 is-layout-flex wp-block-gallery-is-layout-flex\"> <figure class=\"wp-block-image size-large\"><img loading=\"lazy\" decoding=\"async\" width=\"720\" height=\"540\" data-id=\"321\" src=\"https:\/\/cornmachines.com\/wp-content\/uploads\/2019\/11\/our-factory.jpg\" alt=\"\" class=\"wp-image-321\" title=\"\" srcset=\"https:\/\/cornmachines.com\/wp-content\/uploads\/2019\/11\/our-factory.jpg 720w, https:\/\/cornmachines.com\/wp-content\/uploads\/2019\/11\/our-factory-300x225.jpg 300w\" sizes=\"auto, (max-width: 720px) 100vw, 720px\" \/><\/figure> <\/figure> <\/div>    <div class=\"wp-block-column is-layout-flow wp-block-column-is-layout-flow\"> <div class=\"con\">    <div class=\"mach\"><h2 class=\"has-text-align-center\">Nuestra m\u00e1quina (f\u00e1brica)<\/h2><\/div>    <ul class=\"wp-block-list\"> <li>Nuestra empresa se dedica principalmente a fabricar m\u00e1quinas de procesamiento de ma\u00edz, como sembradoras de semillas de ma\u00edz, cosechadoras de ma\u00edz, desgranadoras de ma\u00edz y molinillos de ma\u00edz. <\/li> <\/ul>    <ul class=\"wp-block-list\"> <li>Invertimos mucho tiempo y energ\u00eda en explorar las demandas de los agricultores, y ahorramos en la medida de lo posible el trabajo de los agricultores.<\/li> <\/ul>    <ul class=\"wp-block-list\"> <li>Cada tipo de m\u00e1quina tiene diferentes modelos con distintas capacidades, que pueden satisfacer las diferentes necesidades de los clientes.<\/li> <\/ul>    <\/div> <\/div> <\/div>    <\/div>    <h2 class=\"wp-block-heading has-text-align-center\"><strong>Nuestro producto<\/strong><\/h2>    <center><img decoding=\"async\" class=\"front-img\" src=\"https:\/\/cornmachines.com\/wp-content\/uploads\/2019\/11\/bg.png\" alt=\"\" title=\"\"><\/center>    <div class=\"pt-cv-wrapper\"><div class=\"pt-cv-view pt-cv-grid pt-cv-colsys\" id=\"pt-cv-view-2613b98jgv\"><div data-id=\"pt-cv-page-1\" class=\"pt-cv-page\" data-cvc=\"3\"><div class=\"col-md-4 col-sm-6 col-xs-12 pt-cv-content-item pt-cv-1-col\"  data-pid=\"2627\"><div class='pt-cv-ifield'><a href=\"https:\/\/cornmachines.com\/es\/corn-grits-milling-machine\/\" class=\"_self pt-cv-href-thumbnail pt-cv-thumb-default cvplbd\" target=\"_self\" ><img loading=\"lazy\" decoding=\"async\" width=\"300\" height=\"225\" src=\"https:\/\/cornmachines.com\/wp-content\/uploads\/2022\/03\/corn-grits-milling-machine-300x225.jpg\" class=\"pt-cv-thumbnail img-none\" alt=\"fresadora-de-s\u00e9mola-de-ma\u00edz\" srcset=\"https:\/\/cornmachines.com\/wp-content\/uploads\/2022\/03\/corn-grits-milling-machine-300x225.jpg 300w, https:\/\/cornmachines.com\/wp-content\/uploads\/2022\/03\/corn-grits-milling-machine.jpg 720w\" sizes=\"auto, (max-width: 300px) 100vw, 300px\" title=\"\"><\/a> <h4 class=\"pt-cv-title\"><a href=\"https:\/\/cornmachines.com\/es\/corn-grits-milling-machine\/\" class=\"_self cvplbd\" target=\"_self\" >Fresadora de s\u00e9mola de ma\u00edz<\/a><\/h4><\/div><\/div> <div class=\"col-md-4 col-sm-6 col-xs-12 pt-cv-content-item pt-cv-1-col\"  data-pid=\"2174\"><div class='pt-cv-ifield'><a href=\"https:\/\/cornmachines.com\/es\/corn-grits-making-machine\/\" class=\"_self pt-cv-href-thumbnail pt-cv-thumb-default cvplbd\" target=\"_self\" ><img loading=\"lazy\" decoding=\"async\" width=\"300\" height=\"225\" src=\"https:\/\/cornmachines.com\/wp-content\/uploads\/2022\/01\/corn-grits-making-machine-1-300x225.jpg\" class=\"pt-cv-thumbnail img-none\" alt=\"m\u00e1quina para hacer s\u00e9mola de ma\u00edz\" srcset=\"https:\/\/cornmachines.com\/wp-content\/uploads\/2022\/01\/corn-grits-making-machine-1-300x225.jpg 300w, https:\/\/cornmachines.com\/wp-content\/uploads\/2022\/01\/corn-grits-making-machine-1.jpg 720w\" sizes=\"auto, (max-width: 300px) 100vw, 300px\" title=\"\"><\/a> <h4 class=\"pt-cv-title\"><a href=\"https:\/\/cornmachines.com\/es\/corn-grits-making-machine\/\" class=\"_self cvplbd\" target=\"_self\" >M\u00e1quina para fabricar s\u00e9mola de ma\u00edz | Fresadora de s\u00e9mola de ma\u00edz<\/a><\/h4><\/div><\/div> <div class=\"col-md-4 col-sm-6 col-xs-12 pt-cv-content-item pt-cv-1-col\"  data-pid=\"2124\"><div class='pt-cv-ifield'><a href=\"https:\/\/cornmachines.com\/es\/rice-wheat-and-corn-thresher\/\" class=\"_self pt-cv-href-thumbnail pt-cv-thumb-default cvplbd\" target=\"_self\" ><img loading=\"lazy\" decoding=\"async\" width=\"300\" height=\"225\" src=\"https:\/\/cornmachines.com\/wp-content\/uploads\/2022\/01\/rice-wheat-thresher-300x225.jpg\" class=\"pt-cv-thumbnail img-none\" alt=\"trilladora de arroz y trigo\" srcset=\"https:\/\/cornmachines.com\/wp-content\/uploads\/2022\/01\/rice-wheat-thresher-300x225.jpg 300w, https:\/\/cornmachines.com\/wp-content\/uploads\/2022\/01\/rice-wheat-thresher.jpg 720w\" sizes=\"auto, (max-width: 300px) 100vw, 300px\" title=\"\"><\/a> <h4 class=\"pt-cv-title\"><a href=\"https:\/\/cornmachines.com\/es\/rice-wheat-and-corn-thresher\/\" class=\"_self cvplbd\" target=\"_self\" >Trilladora de trigo y arroz | trilladora de ma\u00edz<\/a><\/h4><\/div><\/div> <div class=\"col-md-4 col-sm-6 col-xs-12 pt-cv-content-item pt-cv-1-col\"  data-pid=\"2107\"><div class='pt-cv-ifield'><a href=\"https:\/\/cornmachines.com\/es\/fish-feed-pellet-machine\/\" class=\"_self pt-cv-href-thumbnail pt-cv-thumb-default cvplbd\" target=\"_self\" ><img loading=\"lazy\" decoding=\"async\" width=\"300\" height=\"225\" src=\"https:\/\/cornmachines.com\/wp-content\/uploads\/2022\/01\/Floating-Fish-Feed-Pellet-Mill-300x225.jpg\" class=\"pt-cv-thumbnail img-none\" alt=\"peletizadora de alimento para peces\" srcset=\"https:\/\/cornmachines.com\/wp-content\/uploads\/2022\/01\/Floating-Fish-Feed-Pellet-Mill-300x225.jpg 300w, https:\/\/cornmachines.com\/wp-content\/uploads\/2022\/01\/Floating-Fish-Feed-Pellet-Mill.jpg 720w\" sizes=\"auto, (max-width: 300px) 100vw, 300px\" title=\"\"><\/a> <h4 class=\"pt-cv-title\"><a href=\"https:\/\/cornmachines.com\/es\/fish-feed-pellet-machine\/\" class=\"_self cvplbd\" target=\"_self\" >M\u00e1quina de pellets para alimentaci\u00f3n de peces | Molino de pellets flotante para alimento de peces<\/a><\/h4><\/div><\/div> <div class=\"col-md-4 col-sm-6 col-xs-12 pt-cv-content-item pt-cv-1-col\"  data-pid=\"2045\"><div class='pt-cv-ifield'><a href=\"https:\/\/cornmachines.com\/es\/hand-push-corn-seeder\/\" class=\"_self pt-cv-href-thumbnail pt-cv-thumb-default cvplbd\" target=\"_self\" ><img loading=\"lazy\" decoding=\"async\" width=\"300\" height=\"225\" src=\"https:\/\/cornmachines.com\/wp-content\/uploads\/2022\/01\/hand-push-corn-seeder-machine-300x225.jpg\" class=\"pt-cv-thumbnail img-none\" alt=\"sembradora de ma\u00edz de empuje manual\" srcset=\"https:\/\/cornmachines.com\/wp-content\/uploads\/2022\/01\/hand-push-corn-seeder-machine-300x225.jpg 300w, https:\/\/cornmachines.com\/wp-content\/uploads\/2022\/01\/hand-push-corn-seeder-machine.jpg 720w\" sizes=\"auto, (max-width: 300px) 100vw, 300px\" title=\"\"><\/a> <h4 class=\"pt-cv-title\"><a href=\"https:\/\/cornmachines.com\/es\/hand-push-corn-seeder\/\" class=\"_self cvplbd\" target=\"_self\" >Sembradora de ma\u00edz de empuje manual | Sembradora multifunci\u00f3n de soja y man\u00ed<\/a><\/h4><\/div><\/div> <div class=\"col-md-4 col-sm-6 col-xs-12 pt-cv-content-item pt-cv-1-col\"  data-pid=\"1741\"><div class='pt-cv-ifield'><a href=\"https:\/\/cornmachines.com\/es\/4-row-corn-planter\/\" class=\"_self pt-cv-href-thumbnail pt-cv-thumb-default cvplbd\" target=\"_self\" ><img loading=\"lazy\" decoding=\"async\" width=\"300\" height=\"225\" src=\"https:\/\/cornmachines.com\/wp-content\/uploads\/2021\/11\/4-row-corn-seeder-planting-machine-300x225.jpg\" class=\"pt-cv-thumbnail img-none\" alt=\"Sembradora sembradora de ma\u00edz de 4 hileras\" srcset=\"https:\/\/cornmachines.com\/wp-content\/uploads\/2021\/11\/4-row-corn-seeder-planting-machine-300x225.jpg 300w, https:\/\/cornmachines.com\/wp-content\/uploads\/2021\/11\/4-row-corn-seeder-planting-machine.jpg 720w\" sizes=\"auto, (max-width: 300px) 100vw, 300px\" title=\"\"><\/a> <h4 class=\"pt-cv-title\"><a href=\"https:\/\/cornmachines.com\/es\/4-row-corn-planter\/\" class=\"_self cvplbd\" target=\"_self\" >Jardinera de ma\u00edz de 4 hileras | Sembradora de ma\u00edz de 4 hileras<\/a><\/h4><\/div><\/div><\/div><\/div><\/div>\t\t\t<style type=\"text\/css\" id=\"pt-cv-inline-style-bed7dd7yp3\">#pt-cv-view-2613b98jgv  .pt-cv-ifield   { background-color: #e6ecf5 !important; } #pt-cv-view-2613b98jgv .pt-cv-href-thumbnail  { margin-left: auto !important; margin-right: auto !important; display: block !important; text-align: center !important; clear: both !important; } #pt-cv-view-2613b98jgv .pt-cv-title a, #pt-cv-view-2613b98jgv  .panel-title { font-weight: 600 !important; display: block !important; text-align: center !important; clear: both !important; } #pt-cv-view-2613b98jgv .pt-cv-readmore  { color: #ffffff !important; background-color: #81d742 !important; } #pt-cv-view-2613b98jgv .pt-cv-readmore:hover  { color: #ffffff !important; background-color: #81d742 !important; }<\/style>  \t\t\t    <div class=\"service\">    <h2 class=\"wp-block-heading has-text-align-center\"><strong>Nuestro servicio<\/strong><\/h2>    <center><img decoding=\"async\" class=\"front-img\" src=\"https:\/\/cornmachines.com\/wp-content\/uploads\/2019\/11\/bg.png\" alt=\"\" title=\"\"><\/center>    <div class=\"wp-block-group\"><div class=\"wp-block-group__inner-container is-layout-flow wp-block-group-is-layout-flow\"> <div class=\"wp-block-columns is-layout-flex wp-container-core-columns-is-layout-9d6595d7 wp-block-columns-is-layout-flex\"> <div class=\"wp-block-column is-layout-flow wp-block-column-is-layout-flow\"><div class=\"wp-block-image\"> <figure class=\"aligncenter size-large is-resized\"><img loading=\"lazy\" decoding=\"async\" width=\"237\" height=\"243\" src=\"https:\/\/cornmachines.com\/wp-content\/uploads\/2019\/11\/icon1.png\" alt=\"\" class=\"wp-image-70\" style=\"width:49px;height:50px\" title=\"\"><\/figure> <\/div>   <p class=\"has-text-align-left\">Nuestra empresa lleva m\u00e1s de 8 a\u00f1os en el negocio de importaci\u00f3n y exportaci\u00f3n internacional, y contamos con un sistema de ventas y servicios muy completo. Seg\u00fan las demandas del cliente, entregaremos el art\u00edculo designado en el lugar designado dentro del tiempo especificado.<\/p> <\/div>    <div class=\"wp-block-column is-vertically-aligned-center is-layout-flow wp-block-column-is-layout-flow\"><div class=\"wp-block-image\"> <figure class=\"aligncenter size-large is-resized\"><img loading=\"lazy\" decoding=\"async\" width=\"238\" height=\"243\" src=\"https:\/\/cornmachines.com\/wp-content\/uploads\/2019\/11\/icon2.png\" alt=\"\" class=\"wp-image-71\" style=\"width:51px;height:52px\" title=\"\"><\/figure> <\/div>   <p class=\"has-text-align-left\">Despu\u00e9s de que los clientes reciban el art\u00edculo, proporcionaremos un video completo de instalaci\u00f3n y funcionamiento para el cliente, asegurando que los usuarios tengan una experiencia de uso maravillosa.<\/p> <\/div>    <div class=\"wp-block-column is-layout-flow wp-block-column-is-layout-flow\"><div class=\"wp-block-image\"> <figure class=\"aligncenter size-large is-resized\"><img loading=\"lazy\" decoding=\"async\" width=\"254\" height=\"240\" src=\"https:\/\/cornmachines.com\/wp-content\/uploads\/2019\/11\/icon3-1.png\" alt=\"\" class=\"wp-image-74\" style=\"width:55px;height:52px\" title=\"\"><\/figure> <\/div>   <p>Para usos posteriores, si el cliente tiene alguna pregunta sobre la m\u00e1quina, proporcionaremos asistencia oportuna sin dudarlo. Ya sea antes o despu\u00e9s de la venta, prometemos brindar el servicio m\u00e1s entusiasta y profesional a cada cliente.<\/p> <\/div> <\/div> <\/div><\/div>    <\/div>    <div class=\"faq\">    <div class=\"wp-block-columns is-layout-flex wp-container-core-columns-is-layout-9d6595d7 wp-block-columns-is-layout-flex\"> <div class=\"wp-block-column is-layout-flow wp-block-column-is-layout-flow\"> <h2 class=\"wp-block-heading has-text-align-center\"><strong>Preguntas m\u00e1s frecuentes<\/strong><\/h2>    <ul class=\"wp-block-list\"> <li><strong>\u00bfModelo de entrega?<\/strong><\/li> <\/ul>    <p>&nbsp;&nbsp;LCL o FCL por mar o por aire, expreso internacional.<\/p>    <ul class=\"wp-block-list\"> <li><strong>\u00bfCu\u00e1nto tiempo puedo recibir el art\u00edculo despu\u00e9s de pagar?<\/strong><\/li> <\/ul>    <p>\u00a0\u00a0Normalmente entregamos el art\u00edculo en 3-5 d\u00edas; el tiempo de entrega por mar o por aire depender\u00e1 de su puerto de env\u00edo.<\/p>    <ul class=\"wp-block-list\"> <li><strong>\u00bfQu\u00e9 tipo de condiciones de pago ofrecen?<\/strong><\/li> <\/ul>    <p>\u00a0\u00a0Garant\u00eda comercial, T\/T, Western Union, MoneyGram, L\/C, PayPal, efectivo, etc.<\/p>    <ul class=\"wp-block-list\"> <li><strong>\u00bfQu\u00e9 tipo de embalaje proporcionan?<\/strong><\/li> <\/ul>    <p>  Caja de madera no fumigable.<\/p> <\/div>    <div class=\"wp-block-column is-layout-flow wp-block-column-is-layout-flow\"> <figure class=\"wp-block-image size-large\"><img loading=\"lazy\" decoding=\"async\" width=\"600\" height=\"450\" src=\"https:\/\/cornmachines.com\/wp-content\/uploads\/2019\/11\/our-client.jpg\" alt=\"\" class=\"wp-image-573\" title=\"\" srcset=\"https:\/\/cornmachines.com\/wp-content\/uploads\/2019\/11\/our-client.jpg 600w, https:\/\/cornmachines.com\/wp-content\/uploads\/2019\/11\/our-client-300x225.jpg 300w\" sizes=\"auto, (max-width: 600px) 100vw, 600px\" \/><\/figure> <\/div> <\/div>    <\/div>","protected":false},"excerpt":{"rendered":"","protected":false},"author":1,"featured_media":0,"parent":0,"menu_order":0,"comment_status":"closed","ping_status":"closed","template":"","meta":{"footnotes":""},"class_list":["post-26","page","type-page","status-publish"],"_links":{"self":[{"href":"https:\/\/cornmachines.com\/es\/wp-json\/wp\/v2\/pages\/26","targetHints":{"allow":["GET"]}}],"collection":[{"href":"https:\/\/cornmachines.com\/es\/wp-json\/wp\/v2\/pages"}],"about":[{"href":"https:\/\/cornmachines.com\/es\/wp-json\/wp\/v2\/types\/page"}],"author":[{"embeddable":true,"href":"https:\/\/cornmachines.com\/es\/wp-json\/wp\/v2\/users\/1"}],"replies":[{"embeddable":true,"href":"https:\/\/cornmachines.com\/es\/wp-json\/wp\/v2\/comments?post=26"}],"version-history":[{"count":0,"href":"https:\/\/cornmachines.com\/es\/wp-json\/wp\/v2\/pages\/26\/revisions"}],"wp:attachment":[{"href":"https:\/\/cornmachines.com\/es\/wp-json\/wp\/v2\/media?parent=26"}],"curies":[{"name":"wp","href":"https:\/\/api.w.org\/{rel}","templated":true}]}}