{"id":23,"date":"2019-11-15T02:16:13","date_gmt":"2019-11-15T02:16:13","guid":{"rendered":"https:\/\/cornmachines.com\/?page_id=23"},"modified":"2019-11-28T17:45:20","modified_gmt":"2019-11-28T09:45:20","slug":"about-us","status":"publish","type":"page","link":"https:\/\/cornmachines.com\/es\/about-us\/","title":{"rendered":"Sobre nosotros"},"content":{"rendered":"<img decoding=\"async\" class=\"img\" src=\"https:\/\/cornmachines.com\/wp-content\/uploads\/2019\/11\/bg.png\" alt=\"\" title=\"\">    <h3 class=\"has-text-align-center wp-block-heading\"><strong>Taizy Maquinaria Co., Ltd.<\/strong><strong><\/strong><\/h3>    <div class=\"intro\">    <div class=\"wp-block-columns is-layout-flex wp-container-core-columns-is-layout-9d6595d7 wp-block-columns-is-layout-flex\"> <div class=\"wp-block-column is-layout-flow wp-block-column-is-layout-flow\"> <p> La empresa de maquinaria Taizy fue fundada en 2011 y se dedica a la producci\u00f3n e investigaci\u00f3n de la fabricaci\u00f3n de maquinaria agr\u00edcola. Durante los \u00faltimos 8 a\u00f1os, la empresa de maquinaria Taizy ha producido m\u00e1s de 10 tipos de m\u00e1quinas espec\u00edficamente para procesar ma\u00edz. Nos centramos en las necesidades de los agricultores de diferentes escalas, para producir las m\u00e1quinas adaptadas a sus demandas. La misi\u00f3n de nuestra empresa es hacer que las m\u00e1quinas chinas cubran todo el mundo y permitir que el mundo vea el producto de alta calidad fabricado en China. <\/p> <\/div>    <div class=\"wp-block-column is-layout-flow wp-block-column-is-layout-flow\"> <p> Nuestra empresa estableci\u00f3 investigaci\u00f3n y desarrollo independientes, fabricaci\u00f3n y exportaci\u00f3n en uno, cuenta con un equipo profesional de trabajadores y vendedores. Contamos con m\u00e1s de 150 trabajadores en total, alrededor de 50 de ellos son vendedores profesionales de comercio exterior, con buenas habilidades de comunicaci\u00f3n y ventas en ingl\u00e9s, comprometidos a brindar un mejor servicio a los clientes.  <\/p> <\/div>    <div class=\"wp-block-column is-layout-flow wp-block-column-is-layout-flow\"> <p> Durante los \u00faltimos ocho a\u00f1os, hemos desarrollado y producido m\u00e1s de 10 m\u00e1quinas para procesar ma\u00edz, hay m\u00e1quinas para cada proceso, desde la siembra del ma\u00edz hasta la cosecha, y para cada proceso posterior. Nos centramos en las necesidades de diferentes agricultores, desde el uso dom\u00e9stico a peque\u00f1a escala hasta l\u00edneas de producci\u00f3n industriales a gran escala, proporcionamos modelos adaptados a cada agricultor para satisfacer sus demandas. <\/p> <\/div> <\/div>    <\/div>    <h3 class=\"has-text-align-center wp-block-heading\"><strong>Nuestro producto<\/strong><\/h3>    <div class=\"wp-block-columns is-layout-flex wp-container-core-columns-is-layout-9d6595d7 wp-block-columns-is-layout-flex\"> <div class=\"wp-block-column is-layout-flow wp-block-column-is-layout-flow\"> <p> Nuestra empresa se dedica principalmente a la fabricaci\u00f3n de m\u00e1quinas procesadoras de ma\u00edz, como m\u00e1quinas sembradoras de semillas de ma\u00edz, m\u00e1quinas cosechadoras de ma\u00edz, m\u00e1quinas desgranadoras de ma\u00edz y m\u00e1quinas trituradoras de ma\u00edz. Dedicamos mucho tiempo y energ\u00eda a explorar las demandas de los agricultores y ahorrarles mano de obra tanto como sea posible. Cada tipo de m\u00e1quina cuenta con diferentes modelos con diferentes capacidades, que pueden satisfacer las diferentes necesidades de los clientes. <\/p> <\/div>    <div class=\"wp-block-column is-layout-flow wp-block-column-is-layout-flow\"> <figure class=\"wp-block-image size-large\"><img loading=\"lazy\" decoding=\"async\" width=\"1024\" height=\"768\" src=\"https:\/\/cornmachines.com\/wp-content\/uploads\/2019\/11\/corn-sheller-machine-2-1024x768.jpg\" alt=\"\" class=\"wp-image-664\" title=\"\" srcset=\"https:\/\/cornmachines.com\/wp-content\/uploads\/2019\/11\/corn-sheller-machine-2-1024x768.jpg 1024w, https:\/\/cornmachines.com\/wp-content\/uploads\/2019\/11\/corn-sheller-machine-2-300x225.jpg 300w, https:\/\/cornmachines.com\/wp-content\/uploads\/2019\/11\/corn-sheller-machine-2-768x576.jpg 768w, https:\/\/cornmachines.com\/wp-content\/uploads\/2019\/11\/corn-sheller-machine-2-1536x1152.jpg 1536w, https:\/\/cornmachines.com\/wp-content\/uploads\/2019\/11\/corn-sheller-machine-2-2048x1536.jpg 2048w\" sizes=\"auto, (max-width: 1024px) 100vw, 1024px\" \/><\/figure> <\/div> <\/div>    <h3 class=\"has-text-align-center wp-block-heading\"><strong>Nuestro servicio<\/strong><\/h3>    <div class=\"mac\">    <div class=\"wp-block-columns is-layout-flex wp-container-core-columns-is-layout-9d6595d7 wp-block-columns-is-layout-flex\"> <div class=\"wp-block-column is-layout-flow wp-block-column-is-layout-flow\"> <p> Contamos con un conjunto muy completo de sistema de ventas y servicio. De acuerdo con las demandas del cliente, entregaremos el art\u00edculo designado en el lugar designado dentro del tiempo especificado. <\/p> <\/div>    <div class=\"wp-block-column is-layout-flow wp-block-column-is-layout-flow\"> <p> Despu\u00e9s de que los clientes reciban el art\u00edculo, le proporcionaremos la instalaci\u00f3n completa y un video de funcionamiento, asegur\u00e1ndonos de que los usuarios obtengan una experiencia de usuario maravillosa. <\/p> <\/div> <\/div>    <div class=\"wp-block-group\"><div class=\"wp-block-group__inner-container is-layout-flow wp-block-group-is-layout-flow\"> <div class=\"wp-block-columns is-layout-flex wp-container-core-columns-is-layout-9d6595d7 wp-block-columns-is-layout-flex\"> <div class=\"wp-block-column is-layout-flow wp-block-column-is-layout-flow\"> <p>Para uso posterior, si el cliente tiene alguna pregunta sobre la m\u00e1quina, le brindaremos asistencia oportuna sin dudarlo. <\/p> <\/div>    <div class=\"wp-block-column is-layout-flow wp-block-column-is-layout-flow\"> <p>No importa antes o despu\u00e9s de la venta, prometemos brindar el servicio m\u00e1s entusiasta y profesional a cada cliente.<\/p> <\/div> <\/div> <\/div><\/div>    <\/div>","protected":false},"excerpt":{"rendered":"","protected":false},"author":1,"featured_media":0,"parent":0,"menu_order":0,"comment_status":"closed","ping_status":"closed","template":"","meta":{"footnotes":""},"class_list":["post-23","page","type-page","status-publish"],"_links":{"self":[{"href":"https:\/\/cornmachines.com\/es\/wp-json\/wp\/v2\/pages\/23","targetHints":{"allow":["GET"]}}],"collection":[{"href":"https:\/\/cornmachines.com\/es\/wp-json\/wp\/v2\/pages"}],"about":[{"href":"https:\/\/cornmachines.com\/es\/wp-json\/wp\/v2\/types\/page"}],"author":[{"embeddable":true,"href":"https:\/\/cornmachines.com\/es\/wp-json\/wp\/v2\/users\/1"}],"replies":[{"embeddable":true,"href":"https:\/\/cornmachines.com\/es\/wp-json\/wp\/v2\/comments?post=23"}],"version-history":[{"count":0,"href":"https:\/\/cornmachines.com\/es\/wp-json\/wp\/v2\/pages\/23\/revisions"}],"wp:attachment":[{"href":"https:\/\/cornmachines.com\/es\/wp-json\/wp\/v2\/media?parent=23"}],"curies":[{"name":"wp","href":"https:\/\/api.w.org\/{rel}","templated":true}]}}